{"id":245,"date":"2015-10-25T16:20:37","date_gmt":"2015-10-25T16:20:37","guid":{"rendered":"http:\/\/www.earthsound.ie\/?page_id=245"},"modified":"2017-09-11T13:03:49","modified_gmt":"2017-09-11T13:03:49","slug":"outreach","status":"publish","type":"page","link":"http:\/\/www.earthsound.ie\/index.php\/outreach\/","title":{"rendered":"Outreach and Lectures"},"content":{"rendered":"<p style=\"text-align: justify;\">Our staff are often asked to take part in local lectures, seminars and heritage events. Below you&#8217;ll find a list of some of the outreach work we have undertaken. Earthsound Archaeological Geophysics have a\u00a0very active public profile and contribute to a variety of media outlets, publications, lectures and community archaeology projects as well as academic research.<\/p>\n<p style=\"text-align: justify;\">We work all over Ireland. If you would like one of our staff to talk with your local group or organisation, or need help in organising a heritage event then please <a href=\"http:\/\/www.earthsound.ie\/index.php\/contact-us\/\" target=\"_blank\" rel=\"noopener\">contact us<\/a>.<\/p>\n<p><strong>Annacarty Remembers Commemoration Ceremony\u00a0<\/strong>2016: Display of geophysical equipment as well as \u00a0public talk on the use of archaeology in conjunction with <a href=\"http:\/\/www.wolfhoundarchaeology.ie\" target=\"_blank\" rel=\"noopener\">Wolfhound Archaeology<\/a>.<\/p>\n<p><strong>Lea Castle Project Community Open Day\u00a0<\/strong>2016: A series of demonstrations of geophysical equipment and a description of the site.<\/p>\n<p><strong>Laois Heritage and Garden Guide Narration\u00a0<\/strong>2016: Earthsound provided Irish translation and narration services for <a href=\"http:\/\/www.abartaheritage.ie\/\" target=\"_blank\" rel=\"noopener\">Abarta Heritage<\/a> as part of the Laois Heritage and Garden Trail.<\/p>\n<p><strong>Tintern Abbey Gardens<\/strong> 2016: Display and explanation of geophysical equipment conjunction with <a href=\"http:\/\/staffordmcloughlinarchaeology.ie\" target=\"_blank\" rel=\"noopener\">Stafford McLoughlin Archaeology<\/a>.<\/p>\n<p><strong>Woodstock Castle, Athy\u00a0<\/strong>2015: Athy Heritage Centre-Museum produced documentary involving a talk by Earthsound to a group of local National School students on archaeology and the history of Woodstock Castle. Presented by Darren Regan and Cian Hogan<\/p>\n<p style=\"text-align: justify;\"><strong>Kilmovee Community Centre<\/strong>\u00a02015: <em><a href=\"http:\/\/www.earthsound.ie\/index.php\/2015\/12\/17\/lecture-at-kilmovee-community-centre-archaeology-of-kilcashel\/\" target=\"_blank\" rel=\"noopener\">Archaeology of Kilcashel<\/a><\/em>. Lecture for the Kilmovee Winter Lecture Series. Presented by Dr James Bonsall.<\/p>\n<p style=\"text-align: justify;\"><b>IT Sligo\u00a0<\/b><span style=\"font-weight: 400;\">2015: <em>There&#8217;s always a Secret Tunnel: Folklore, Fact and Fiction in the Kilcashel Landscape Project<\/em>. Lecture for the\u00a0<\/span><i><span style=\"font-weight: 400;\">Stones and Bones Academic Research Conference. <\/span><\/i><span style=\"font-weight: 400;\">Presented by Dr James Bonsall.<\/span><\/p>\n<p><strong>Kinsale Heritage Group<\/strong> 2014: Demonstration and explanation of geophysical surveys. Presented by Heather Gimson and Darren Regan.<\/p>\n<p style=\"text-align: justify;\"><strong>Mayfield Community Building, Claremorris\u00a0<\/strong>2014:\u00a0<em><a href=\"http:\/\/www.earthsound.ie\/index.php\/2014\/08\/28\/heritage-week-2014-carry-out-your-own-geophysical-survey\/\" target=\"_blank\" rel=\"noopener\">Mayfield Lake, Wetlands and its Archaeological Heritage<\/a>. <\/em>Talk and guided walk, presented by Dr James Bonsall.<\/p>\n<p><strong>Athy Heritage Centre<\/strong>\u00a02013: <em><a href=\"http:\/\/www.earthsound.ie\/index.php\/2013\/11\/07\/lecture-at-the-athy-heritage-centre\/\" target=\"_blank\" rel=\"noopener\">Town Walls and Castles &#8211;\u00a0Recent Geophysical Discoveries in Athy<\/a><\/em>.\u00a0Presented by Heather Gimson.<\/p>\n<p><strong>Athy Heritage Centre<\/strong>\u00a02013: <em><a href=\"http:\/\/www.earthsound.ie\/index.php\/2013\/09\/19\/lecture-in-athy-what-is-archaeological-geophysics\/\" target=\"_blank\" rel=\"noopener\">What is Archaeological Geophysics?<\/a><\/em> Presented by Heather Gimson.<\/p>\n<p><strong>National School Outreach on the Work of an Archaeologist\u00a0<\/strong>2013: Earthsound&#8217;s Darren Regan gave a series of three talks to S.N Ceathr\u00fa Thaidhg, S.N. na hEachl\u00e9im and S.N. Thuar Mhic \u00c9adaigh about the field of archaeology and the archaeological heritage of County Mayo.<\/p>\n<p><strong>Rathnadrinna Research Project <\/strong>2009-2010 &amp; 2012-2014: Demonstration and explanation of geophysical surveys as well as teaching geophysical and excavation techniques.<\/p>\n<p><strong>IAI CPD <\/strong>2012: An Introduction to Archaeological Geophysics. One day CPD course given to members of the <a href=\"http:\/\/www.iai.ie\/\" target=\"_blank\" rel=\"noopener\">Institute of Archaeologists of Ireland<\/a>. Presented by James Bonsall &amp; Heather Gimson.<\/p>\n<p><strong>Cork Heritage Day<\/strong> 2012: Demonstration and explanation of geophysical surveys at The Peace Park, Cork City. Presented by Heather Gimson.<\/p>\n<p><strong>Cashel Heritage Day<\/strong> 2012:\u00a0Demonstration and explanation of geophysical surveys at Cashel Palace Hotel. Presented by Heather Gimson.<\/p>\n<p><strong>Achill Island Archaeology Centre<\/strong>\u00a02011:\u00a0<span style=\"font-weight: 400;\"><em><a href=\"http:\/\/www.earthsound.ie\/index.php\/2011\/07\/29\/lecture-achill-island-archaeology-centre\/\" target=\"_blank\" rel=\"noopener\">A Brief History of Archaeological Geophysics in Ireland<\/a><\/em>. Presented by James Bonsall.<\/span><\/p>\n<p><b>University College Dublin<\/b>\u00a02004<span style=\"font-weight: 400;\">\u00a0<em>Archaeological Geophysics and Forensic Anthropology. <\/em>Lecture for the Forensic Identification Group of Ireland, University College Dublin<\/span><span style=\"font-weight: 400;\">. P<\/span><span style=\"font-weight: 400;\">resented by James Bonsall &amp; Heather Gimson.<\/span><\/p>\n<p style=\"text-align: center;\"><span style=\"color: #003366;\">&copy; 2002- 2026 Earthsound Geophysics Ltd.<\/span><\/p>\n<p><a href=\"http:\/\/www.earthsound.ie\/wp-content\/uploads\/2017\/08\/EAG_header_alt_old.jpg\"><img loading=\"lazy\" class=\"aligncenter size-full wp-image-1000\" src=\"http:\/\/www.earthsound.ie\/wp-content\/uploads\/2017\/08\/EAG_header_alt_old.jpg\" alt=\"\" width=\"1260\" height=\"240\" \/><\/a><\/p>\n<p><a href=\"https:\/\/www.facebook.com\/Earthsound.Geophysics\/\" target=\"_blank\" rel=\"noopener\"><img loading=\"lazy\" class=\"alignnone wp-image-859 \" src=\"http:\/\/www.earthsound.ie\/wp-content\/uploads\/2017\/08\/FB-f-Logo__blue_57.png\" alt=\"Follow Earthsound on Facebook\" width=\"36\" height=\"35\" \/><\/a><\/p>\n\n<div class=\"twitter-share\"><a href=\"https:\/\/twitter.com\/intent\/tweet?via=EAG_Earthsound\" class=\"twitter-share-button\">Tweet<\/a><\/div>\n","protected":false},"excerpt":{"rendered":"<p>Our staff are often asked to take part in local lectures, seminars and heritage events. Below you&#8217;ll find a list of some of the outreach work we have undertaken. Earthsound Archaeological Geophysics have a\u00a0very active public profile and contribute to a variety of media outlets, publications, lectures and community archaeology projects as well as academic [&hellip;]<\/p>\n","protected":false},"author":1,"featured_media":0,"parent":0,"menu_order":0,"comment_status":"closed","ping_status":"closed","template":"","meta":{"spay_email":""},"jetpack_sharing_enabled":true,"jetpack_shortlink":"https:\/\/wp.me\/P99dil-3X","_links":{"self":[{"href":"http:\/\/www.earthsound.ie\/index.php\/wp-json\/wp\/v2\/pages\/245"}],"collection":[{"href":"http:\/\/www.earthsound.ie\/index.php\/wp-json\/wp\/v2\/pages"}],"about":[{"href":"http:\/\/www.earthsound.ie\/index.php\/wp-json\/wp\/v2\/types\/page"}],"author":[{"embeddable":true,"href":"http:\/\/www.earthsound.ie\/index.php\/wp-json\/wp\/v2\/users\/1"}],"replies":[{"embeddable":true,"href":"http:\/\/www.earthsound.ie\/index.php\/wp-json\/wp\/v2\/comments?post=245"}],"version-history":[{"count":27,"href":"http:\/\/www.earthsound.ie\/index.php\/wp-json\/wp\/v2\/pages\/245\/revisions"}],"predecessor-version":[{"id":1825,"href":"http:\/\/www.earthsound.ie\/index.php\/wp-json\/wp\/v2\/pages\/245\/revisions\/1825"}],"wp:attachment":[{"href":"http:\/\/www.earthsound.ie\/index.php\/wp-json\/wp\/v2\/media?parent=245"}],"curies":[{"name":"wp","href":"https:\/\/api.w.org\/{rel}","templated":true}]}}